{"id":1892,"date":"2018-12-22T23:06:08","date_gmt":"2018-12-22T22:06:08","guid":{"rendered":"http:\/\/www.wirtschaft-zur-post.ch\/hallo\/?page_id=1892"},"modified":"2024-04-28T16:40:38","modified_gmt":"2024-04-28T14:40:38","slug":"impressum","status":"publish","type":"page","link":"https:\/\/www.restaurant-zur-post.ch\/hallo\/impressum\/","title":{"rendered":"Impressum"},"content":{"rendered":"\n<h2 class=\"wp-block-heading\">Kontaktadresse<\/h2>\n\n\n\n<p>Restaurant &#8222;Zur Post&#8220; <br \/>Weinfelderstrasse 3<br \/>8560 M\u00e4rstetten <\/p>\n\n\n\n<h2 class=\"wp-block-heading\">Haftungsausschluss<\/h2>\n\n\n\n<p>Der Autor \u00fcbernimmt keinerlei Gew\u00e4hr \nhinsichtlich der  inhaltlichen Richtigkeit, Genauigkeit, Aktualit\u00e4t, \nZuverl\u00e4ssigkeit und  Vollst\u00e4ndigkeit der Informationen.<\/p>\n\n\n\n<p>Haftungsanspr\u00fcche gegen den Autor wegen \nSch\u00e4den materieller  oder immaterieller Art, welche aus dem Zugriff oder\n der Nutzung bzw.  Nichtnutzung der ver\u00f6ffentlichten Informationen, \ndurch Missbrauch der  Verbindung oder durch technische St\u00f6rungen \nentstanden sind, werden  ausgeschlossen.<\/p>\n\n\n\n<p>Alle  Angebote sind unverbindlich. Der Autor \nbeh\u00e4lt es sich ausdr\u00fccklich vor, Teile  der Seiten oder das gesamte \nAngebot ohne gesonderte Ank\u00fcndigung zu ver\u00e4ndern,  zu erg\u00e4nzen, zu \nl\u00f6schen oder die Ver\u00f6ffentlichung zeitweise oder endg\u00fcltig  \neinzustellen.<\/p>\n\n\n\n<h2 class=\"wp-block-heading\">Haftung f\u00fcr Links<\/h2>\n\n\n\n<p>Verweise und Links auf Webseiten  Dritter \nliegen ausserhalb unseres Verantwortungsbereichs Es wird jegliche \nVerantwortung f\u00fcr solche Webseiten  abgelehnt.  Der Zugriff und die \nNutzung solcher Webseiten erfolgen  auf eigene Gefahr des Nutzers oder \nder Nutzerin. <\/p>\n\n\n\n<h2 class=\"wp-block-heading\">Urheberrechte<\/h2>\n\n\n\n<p>Die Urheber- und alle anderen Rechte an Inhalten, Bildern, Fotos oder anderen Dateien auf der Website geh\u00f6ren ausschliesslich dem Restaurant oder den speziell genannten Rechtsinhabern. F\u00fcr die Reproduktion jeglicher Elemente ist die schriftliche Zustimmung der Urheberrechtstr\u00e4ger im Voraus einzuholen.<\/p>\n\n\n\n<h2 class=\"wp-block-heading\">Datenschutz<\/h2>\n\n\n\n<p>Gest\u00fctzt auf Artikel 13 der schweizerischen \nBundesverfassung  und die datenschutzrechtlichen Bestimmungen des Bundes\n (Datenschutzgesetz, DSG)  hat jede Person Anspruch auf Schutz ihrer \nPrivatsph\u00e4re sowie auf Schutz vor  Missbrauch ihrer pers\u00f6nlichen Daten. \nWir halten diese Bestimmungen ein.  Pers\u00f6nliche Daten werden streng \nvertraulich behandelt und weder an Dritte  verkauft noch weiter gegeben.<\/p>\n\n\n\n<p>In enger Zusammenarbeit mit unseren \nHosting-Providern  bem\u00fchen wir uns, die Datenbanken so gut wie m\u00f6glich \nvor fremden Zugriffen, Verlusten,  Missbrauch oder vor F\u00e4lschung zu \nsch\u00fctzen.<\/p>\n\n\n\n<p>Beim Zugriff auf unsere Webseiten werden \nfolgende Daten in  Logfiles gespeichert: IP-Adresse, Datum, Uhrzeit, \nBrowser-Anfrage und allg.  \u00fcbertragene Informationen zum Betriebssystem \nresp. Browser. Diese Nutzungsdaten  bilden die Basis f\u00fcr statistische, \nanonyme Auswertungen, so dass Trends  erkennbar sind, anhand derer wir \nunsere Angebote entsprechend verbessern  k\u00f6nnen. <\/p>\n\n\n\n<h2 class=\"wp-block-heading\">Datenschutzerkl\u00e4rung f\u00fcr die Nutzung von Facebook-Plugins (Like-Button) <\/h2>\n\n\n\n<p>Auf unseren Seiten sind Plugins des sozialen \nNetzwerks Facebook, 1601  South California Avenue, Palo Alto, CA 94304, \nUSA integriert. Die  Facebook-Plugins erkennen Sie an dem Facebook-Logo \noder dem  &#8222;Like-Button&#8220; (&#8222;Gef\u00e4llt mir&#8220;) auf unserer Seite. Eine  \n\u00dcbersicht \u00fcber die Facebook-Plugins finden Sie hier:  \nhttp:\/\/developers.facebook.com\/docs\/plugins\/. <\/p>\n\n\n\n<p>Wenn Sie unsere Seiten besuchen, wird \u00fcber \ndas Plugin eine direkte  Verbindung zwischen Ihrem Browser und dem \nFacebook-Server hergestellt. Facebook  erh\u00e4lt dadurch die Information, \ndass Sie mit Ihrer IP-Adresse unsere Seite  besucht haben. Wenn Sie den \nFacebook &#8222;Like-Button&#8220; anklicken w\u00e4hrend  Sie in Ihrem Facebook-Account \neingeloggt sind, k\u00f6nnen Sie die Inhalte unserer  Seiten auf Ihrem \nFacebook-Profil verlinken. Dadurch kann Facebook den Besuch  unserer \nSeiten Ihrem Benutzerkonto zuordnen. Wir weisen darauf hin, dass wir  \nals Anbieter der Seiten keine Kenntnis vom Inhalt der \u00fcbermittelten \nDaten sowie  deren Nutzung durch Facebook erhalten. Weitere \nInformationen hierzu finden Sie  in der Datenschutzerkl\u00e4rung von \nfacebook unter  https:\/\/www.facebook.com\/about\/privacy\/ <\/p>\n\n\n\n<p>Wenn Sie nicht  w\u00fcnschen, dass Facebook den \nBesuch unserer Seiten Ihrem Facebook-Nutzerkonto  zuordnen kann, loggen \nSie sich bitte aus Ihrem Facebook-Benutzerkonto aus. <\/p>\n\n\n\n<h2 class=\"wp-block-heading\">Quelle<\/h2>\n\n\n\n<p> Dieses Impressum wurde am <strong>22.12.2018<\/strong> mit dem  Impressum-Generator <strong><a href=\"http:\/\/www.bag.ch\/impressum-generator\">http:\/\/www.bag.ch\/impressum-generator<\/a><\/strong> der Firma Brunner Medien AG in Kriens erstellt. Die Brunner Medien AG in Kriens \u00fcbernimmt keine  Haftung. <\/p>\n","protected":false},"excerpt":{"rendered":"<div class=\"entry-summary\">\nKontaktadresse Restaurant &#8222;Zur Post&#8220; Weinfelderstrasse 38560 M\u00e4rstetten Haftungsausschluss Der Autor \u00fcbernimmt keinerlei&hellip;\n<\/div>\n<div class=\"link-more\"><a href=\"https:\/\/www.restaurant-zur-post.ch\/hallo\/impressum\/\" class=\"more-link\">Continue reading<span class=\"screen-reader-text\"> &ldquo;Impressum&rdquo;<\/span>&hellip;<\/a><\/div>\n","protected":false},"author":1,"featured_media":3947,"parent":0,"menu_order":13,"comment_status":"closed","ping_status":"closed","template":"","meta":{"footnotes":""},"class_list":["post-1892","page","type-page","status-publish","has-post-thumbnail","hentry","entry"],"publishpress_future_action":{"enabled":false,"date":"2026-05-23 02:42:39","action":"change-status","newStatus":"draft","terms":[],"taxonomy":"","extraData":[]},"publishpress_future_workflow_manual_trigger":{"enabledWorkflows":[]},"_links":{"self":[{"href":"https:\/\/www.restaurant-zur-post.ch\/hallo\/wp-json\/wp\/v2\/pages\/1892","targetHints":{"allow":["GET"]}}],"collection":[{"href":"https:\/\/www.restaurant-zur-post.ch\/hallo\/wp-json\/wp\/v2\/pages"}],"about":[{"href":"https:\/\/www.restaurant-zur-post.ch\/hallo\/wp-json\/wp\/v2\/types\/page"}],"author":[{"embeddable":true,"href":"https:\/\/www.restaurant-zur-post.ch\/hallo\/wp-json\/wp\/v2\/users\/1"}],"replies":[{"embeddable":true,"href":"https:\/\/www.restaurant-zur-post.ch\/hallo\/wp-json\/wp\/v2\/comments?post=1892"}],"version-history":[{"count":10,"href":"https:\/\/www.restaurant-zur-post.ch\/hallo\/wp-json\/wp\/v2\/pages\/1892\/revisions"}],"predecessor-version":[{"id":4663,"href":"https:\/\/www.restaurant-zur-post.ch\/hallo\/wp-json\/wp\/v2\/pages\/1892\/revisions\/4663"}],"wp:featuredmedia":[{"embeddable":true,"href":"https:\/\/www.restaurant-zur-post.ch\/hallo\/wp-json\/wp\/v2\/media\/3947"}],"wp:attachment":[{"href":"https:\/\/www.restaurant-zur-post.ch\/hallo\/wp-json\/wp\/v2\/media?parent=1892"}],"curies":[{"name":"wp","href":"https:\/\/api.w.org\/{rel}","templated":true}]}}