{"id":3215,"date":"2021-04-28T12:35:09","date_gmt":"2021-04-28T10:35:09","guid":{"rendered":"https:\/\/www.wirtschaft-zur-post.ch\/hallo\/?page_id=3215"},"modified":"2025-07-10T16:37:38","modified_gmt":"2025-07-10T14:37:38","slug":"die-visitenkarte-jedes-betriebs","status":"publish","type":"page","link":"https:\/\/www.restaurant-zur-post.ch\/hallo\/die-visitenkarte-jedes-betriebs\/","title":{"rendered":"Die &#8222;Visitenkarte&#8220; jedes Betriebs &#8230;"},"content":{"rendered":"\n<p><strong>Gepflegte, saubere Toilettenr\u00e4ume gelten seit langem als heimliche Visitenkarte eines Gastronomiebetriebs. Es gilt der bekannte Spruch &#8222;In der K\u00fcche eines Restaurants sieht&#8217;s aus, wie auf den Toiletten&#8220;.<\/strong><\/p>\n<p>Wir verzichten darauf, Ihnen an dieser Stelle detaillierte Bilder zu zeigen, aber ein Besuch unserer kleinen, aber feinen Toilettenr\u00e4ume wird Sie positiv \u00fcberraschen &#8230;. !<strong><br \/><\/strong><\/p>\n<p>Unser Restaurant verf\u00fcgt \u00fcber neue, moderne, gepflegte WC-Anlagen mit hygienischen Dyson-H\u00e4ndetrocknern.<\/p>\n<p>Sauberkeit und Hygiene sind uns sehr wichtig.<\/p>\n","protected":false},"excerpt":{"rendered":"<div class=\"entry-summary\">\nGepflegte, saubere Toilettenr\u00e4ume gelten seit langem als heimliche Visitenkarte eines Gastronomiebetriebs. Es&hellip;\n<\/div>\n<div class=\"link-more\"><a href=\"https:\/\/www.restaurant-zur-post.ch\/hallo\/die-visitenkarte-jedes-betriebs\/\" class=\"more-link\">Continue reading<span class=\"screen-reader-text\"> &ldquo;Die &#8222;Visitenkarte&#8220; jedes Betriebs &#8230;&rdquo;<\/span>&hellip;<\/a><\/div>\n","protected":false},"author":1,"featured_media":3219,"parent":0,"menu_order":11,"comment_status":"closed","ping_status":"closed","template":"","meta":{"footnotes":""},"class_list":["post-3215","page","type-page","status-publish","has-post-thumbnail","hentry","entry"],"publishpress_future_action":{"enabled":false,"date":"2026-04-14 07:16:56","action":"change-status","newStatus":"draft","terms":[],"taxonomy":"","extraData":[]},"publishpress_future_workflow_manual_trigger":{"enabledWorkflows":[]},"_links":{"self":[{"href":"https:\/\/www.restaurant-zur-post.ch\/hallo\/wp-json\/wp\/v2\/pages\/3215","targetHints":{"allow":["GET"]}}],"collection":[{"href":"https:\/\/www.restaurant-zur-post.ch\/hallo\/wp-json\/wp\/v2\/pages"}],"about":[{"href":"https:\/\/www.restaurant-zur-post.ch\/hallo\/wp-json\/wp\/v2\/types\/page"}],"author":[{"embeddable":true,"href":"https:\/\/www.restaurant-zur-post.ch\/hallo\/wp-json\/wp\/v2\/users\/1"}],"replies":[{"embeddable":true,"href":"https:\/\/www.restaurant-zur-post.ch\/hallo\/wp-json\/wp\/v2\/comments?post=3215"}],"version-history":[{"count":7,"href":"https:\/\/www.restaurant-zur-post.ch\/hallo\/wp-json\/wp\/v2\/pages\/3215\/revisions"}],"predecessor-version":[{"id":5152,"href":"https:\/\/www.restaurant-zur-post.ch\/hallo\/wp-json\/wp\/v2\/pages\/3215\/revisions\/5152"}],"wp:featuredmedia":[{"embeddable":true,"href":"https:\/\/www.restaurant-zur-post.ch\/hallo\/wp-json\/wp\/v2\/media\/3219"}],"wp:attachment":[{"href":"https:\/\/www.restaurant-zur-post.ch\/hallo\/wp-json\/wp\/v2\/media?parent=3215"}],"curies":[{"name":"wp","href":"https:\/\/api.w.org\/{rel}","templated":true}]}}